{"id":17,"date":"2023-11-12T22:03:31","date_gmt":"2023-11-12T21:03:31","guid":{"rendered":"https:\/\/marine-rh.com\/?page_id=17"},"modified":"2025-09-30T17:54:03","modified_gmt":"2025-09-30T15:54:03","slug":"beaux-portfolios-pour-des-creatifs-exceptionnels","status":"publish","type":"page","link":"https:\/\/marine-rh.com\/","title":{"rendered":"Cabinet de conseil d\u00e9di\u00e9 au droit du travail et audit maritime"},"content":{"rendered":"\n<p class=\"has-text-align-left has-medium-font-size\">Des services sp\u00e9cialis\u00e9s aux entreprises du secteur maritime, aux armateurs, aux compagnies de navigation, aux ports et aux chantiers navals. <\/p>\n\n\n\n<div style=\"height:55px\" aria-hidden=\"true\" class=\"wp-block-spacer\"><\/div>\n\n\n\n<div class=\"wp-block-group alignfull has-background\" style=\"background-color:#e5e9ec\"><div class=\"wp-block-group__inner-container is-layout-flow wp-block-group-is-layout-flow\">\n<div class=\"wp-block-columns is-layout-flex wp-container-core-columns-is-layout-9d6595d7 wp-block-columns-is-layout-flex\">\n<div class=\"wp-block-column is-vertically-aligned-center is-layout-flow wp-block-column-is-layout-flow\">\n<h2 class=\"wp-block-heading has-medium-font-size\">Olivier BANON<\/h2>\n\n\n\n<p>Officier 1\u00e8re Classe de l&rsquo;Ecole Nationale Sup\u00e9rieure Maritime (ENSM), j&rsquo;ai navigu\u00e9 sur toutes les mers du monde, de la pose de c\u00e2bles en Oc\u00e9anie au Commandement d&rsquo;un navire de travail en passant par les navires \u00e0 passagers. <\/p>\n\n\n\n<p>J&rsquo;ai pos\u00e9 mon sac \u00e0 terre en 2017.<\/p>\n\n\n\n<p>Pendant 6 ans, j&rsquo;ai donc occup\u00e9 des postes de Directeur et Capitaine d&rsquo;Armement. Alliant mes connaissances du milieu maritime aux besoins RH et techniques des Compagnies, en M\u00e9tropole et en Outre-Mer. <\/p>\n\n\n\n<div class=\"wp-block-buttons is-horizontal is-content-justification-left is-layout-flex wp-container-core-buttons-is-layout-7e5fce0a wp-block-buttons-is-layout-flex\">\n<div class=\"wp-block-button is-style-outline is-style-outline--1\"><a class=\"wp-block-button__link has-small-font-size has-custom-font-size wp-element-button\" href=\"https:\/\/marine-rh.com\/index.php\/about\/\" target=\"_blank\" rel=\"noreferrer noopener\">A propos &#8230; <\/a><\/div>\n<\/div>\n<\/div>\n\n\n\n<div class=\"wp-block-column is-layout-flow wp-block-column-is-layout-flow\">\n<div style=\"height:48px\" aria-hidden=\"true\" class=\"wp-block-spacer\"><\/div>\n\n\n\n<figure class=\"wp-block-image size-large\"><img loading=\"lazy\" decoding=\"async\" width=\"1024\" height=\"683\" src=\"http:\/\/marine-rh.com\/wp-content\/uploads\/2023\/11\/IMG_3582-1024x683.jpg\" alt=\"\" class=\"wp-image-50\" srcset=\"https:\/\/marine-rh.com\/wp-content\/uploads\/2023\/11\/IMG_3582-1024x683.jpg 1024w, https:\/\/marine-rh.com\/wp-content\/uploads\/2023\/11\/IMG_3582-300x200.jpg 300w, https:\/\/marine-rh.com\/wp-content\/uploads\/2023\/11\/IMG_3582-768x512.jpg 768w, https:\/\/marine-rh.com\/wp-content\/uploads\/2023\/11\/IMG_3582-1536x1024.jpg 1536w, https:\/\/marine-rh.com\/wp-content\/uploads\/2023\/11\/IMG_3582-2048x1365.jpg 2048w, https:\/\/marine-rh.com\/wp-content\/uploads\/2023\/11\/IMG_3582-2000x1333.jpg 2000w\" sizes=\"auto, (max-width: 1024px) 100vw, 1024px\" \/><\/figure>\n<\/div>\n<\/div>\n<\/div><\/div>\n\n\n\n<div class=\"wp-block-group alignfull\"><div class=\"wp-block-group__inner-container is-layout-flow wp-block-group-is-layout-flow\">\n<div class=\"wp-block-columns are-vertically-aligned-center is-layout-flex wp-container-core-columns-is-layout-9d6595d7 wp-block-columns-is-layout-flex\">\n<div class=\"wp-block-column is-vertically-aligned-center is-layout-flow wp-block-column-is-layout-flow\">\n<div style=\"height:48px\" aria-hidden=\"true\" class=\"wp-block-spacer\"><\/div>\n\n\n\n<figure class=\"wp-block-image size-large is-resized\"><img decoding=\"async\" src=\"https:\/\/marine-rh.com\/wp-content\/uploads\/2023\/11\/20220114_180309-1024x485.jpg\" alt=\"\" class=\"wp-image-118\" style=\"width:409px;height:auto\"\/><\/figure>\n<\/div>\n\n\n\n<div class=\"wp-block-column is-vertically-aligned-center is-layout-flow wp-block-column-is-layout-flow\">\n<h2 class=\"wp-block-heading has-medium-font-size\">Mes Services<\/h2>\n\n\n\n<p><strong>Entreprises \u00e9trang\u00e8res : <\/strong><\/p>\n\n\n\n<ul class=\"wp-block-list\">\n<li>Je vous aide \u00e0 mettre en place votre d\u00e9partement crewing en terme de dimensionnement, recrutement, budget sur le march\u00e9 fran\u00e7ais (conditions sociales)<\/li>\n\n\n\n<li>Je vous aide \u00e0 respecter les normes de l&rsquo;Etat d&rsquo;Accueil (r\u00e8glementation fran\u00e7aise applicables dans les champs \u00e9oliens par exemple)<\/li>\n<\/ul>\n\n\n\n<p><strong>Contrats de Travail Maritime<\/strong> : je propose des services de r\u00e9daction, d&rsquo;examen de contrats de travail sp\u00e9cifiques au secteur maritime, assurant la conformit\u00e9 aux normes nationales et internationales.<\/p>\n\n\n\n<p><strong>R\u00e9daction d&rsquo;accords collectifs<\/strong> : je facilite si besoin les n\u00e9gociations entre employeurs et travailleurs, et adapte les accords aux particularit\u00e9s du secteur maritime.<\/p>\n\n\n\n<p><strong>Conformit\u00e9 R\u00e9glementaire<\/strong> : Je surveille de pr\u00e8s les \u00e9volutions des r\u00e9glementations applicable au milieu maritime et assure la conformit\u00e9 des pratiques d&#8217;emploi avec les normes en vigueur. <\/p>\n\n\n\n<p><strong>V\u00e9rification des fiches de paye et \u00e9laboration de budgets concernant l&#8217;embauche de marins fran\u00e7ais.<\/strong><\/p>\n\n\n\n<p><strong>Audits ISM, ISPS et MLC :<\/strong> Je r\u00e9alise des audits approfondis pour \u00e9valuer la conformit\u00e9 de vos process maritimes aux normes nationales et internationales.<\/p>\n\n\n\n<p><strong>Formation Juridique Maritime <\/strong>: j&rsquo;organise des sessions de formation pour les \u00e9quipes des ressources humaines, les marins et les professionnels du secteur en fonction de vos besoins<\/p>\n\n\n\n<p><\/p>\n\n\n\n<div class=\"wp-block-buttons is-layout-flex wp-block-buttons-is-layout-flex\">\n<div class=\"wp-block-button has-custom-width wp-block-button__width-50 is-style-outline is-style-outline--2\"><a class=\"wp-block-button__link has-small-font-size has-custom-font-size wp-element-button\" href=\"#\" target=\"_blank\" rel=\"noreferrer noopener\">Services<\/a><\/div>\n<\/div>\n<\/div>\n<\/div>\n<\/div><\/div>\n\n\n\n<div class=\"wp-block-group alignfull has-background\" style=\"background-color:#e5e9ec\"><div class=\"wp-block-group__inner-container is-layout-constrained wp-block-group-is-layout-constrained\">\n<h2 class=\"wp-block-heading has-text-align-center has-medium-font-size\"><strong>Galer<\/strong>ie<\/h2>\n\n\n\n<figure class=\"wp-block-gallery aligncenter has-nested-images columns-default is-cropped wp-block-gallery-3 is-layout-flex wp-block-gallery-is-layout-flex\">\n<figure class=\"wp-block-image size-large\"><img loading=\"lazy\" decoding=\"async\" width=\"1024\" height=\"682\" data-id=\"122\" src=\"https:\/\/marine-rh.com\/wp-content\/uploads\/2023\/11\/IMG_0098-1024x682.jpg\" alt=\"\" class=\"wp-image-122\" srcset=\"https:\/\/marine-rh.com\/wp-content\/uploads\/2023\/11\/IMG_0098-1024x682.jpg 1024w, https:\/\/marine-rh.com\/wp-content\/uploads\/2023\/11\/IMG_0098-300x200.jpg 300w, https:\/\/marine-rh.com\/wp-content\/uploads\/2023\/11\/IMG_0098-768x511.jpg 768w, https:\/\/marine-rh.com\/wp-content\/uploads\/2023\/11\/IMG_0098-1536x1023.jpg 1536w, https:\/\/marine-rh.com\/wp-content\/uploads\/2023\/11\/IMG_0098-2048x1364.jpg 2048w, https:\/\/marine-rh.com\/wp-content\/uploads\/2023\/11\/IMG_0098-2000x1332.jpg 2000w\" sizes=\"auto, (max-width: 1024px) 100vw, 1024px\" \/><\/figure>\n\n\n\n<figure class=\"wp-block-image size-full\"><img loading=\"lazy\" decoding=\"async\" width=\"2560\" height=\"1920\" data-id=\"121\" src=\"https:\/\/marine-rh.com\/wp-content\/uploads\/2023\/11\/IMG_20220416_151726-scaled.jpg\" alt=\"\" class=\"wp-image-121\" srcset=\"https:\/\/marine-rh.com\/wp-content\/uploads\/2023\/11\/IMG_20220416_151726-scaled.jpg 2560w, https:\/\/marine-rh.com\/wp-content\/uploads\/2023\/11\/IMG_20220416_151726-300x225.jpg 300w, https:\/\/marine-rh.com\/wp-content\/uploads\/2023\/11\/IMG_20220416_151726-1024x768.jpg 1024w, https:\/\/marine-rh.com\/wp-content\/uploads\/2023\/11\/IMG_20220416_151726-768x576.jpg 768w, https:\/\/marine-rh.com\/wp-content\/uploads\/2023\/11\/IMG_20220416_151726-1536x1152.jpg 1536w, https:\/\/marine-rh.com\/wp-content\/uploads\/2023\/11\/IMG_20220416_151726-2048x1536.jpg 2048w, https:\/\/marine-rh.com\/wp-content\/uploads\/2023\/11\/IMG_20220416_151726-2000x1500.jpg 2000w\" sizes=\"auto, (max-width: 2560px) 100vw, 2560px\" \/><\/figure>\n\n\n\n<figure class=\"wp-block-image size-large\"><img loading=\"lazy\" decoding=\"async\" width=\"1024\" height=\"683\" data-id=\"26\" src=\"https:\/\/marine-rh.com\/wp-content\/uploads\/2023\/11\/IMG_3184-1024x683.jpg\" alt=\"\" class=\"wp-image-26\" srcset=\"https:\/\/marine-rh.com\/wp-content\/uploads\/2023\/11\/IMG_3184-1024x683.jpg 1024w, https:\/\/marine-rh.com\/wp-content\/uploads\/2023\/11\/IMG_3184-300x200.jpg 300w, https:\/\/marine-rh.com\/wp-content\/uploads\/2023\/11\/IMG_3184-768x512.jpg 768w, https:\/\/marine-rh.com\/wp-content\/uploads\/2023\/11\/IMG_3184-1536x1024.jpg 1536w, https:\/\/marine-rh.com\/wp-content\/uploads\/2023\/11\/IMG_3184-2048x1365.jpg 2048w, https:\/\/marine-rh.com\/wp-content\/uploads\/2023\/11\/IMG_3184-2000x1333.jpg 2000w\" sizes=\"auto, (max-width: 1024px) 100vw, 1024px\" \/><\/figure>\n\n\n\n<figure class=\"wp-block-image size-large\"><img loading=\"lazy\" decoding=\"async\" width=\"1024\" height=\"179\" data-id=\"24\" src=\"http:\/\/marine-rh.com\/wp-content\/uploads\/2023\/11\/fos2-1024x179.jpg\" alt=\"\" class=\"wp-image-24\" srcset=\"https:\/\/marine-rh.com\/wp-content\/uploads\/2023\/11\/fos2-1024x179.jpg 1024w, https:\/\/marine-rh.com\/wp-content\/uploads\/2023\/11\/fos2-300x52.jpg 300w, https:\/\/marine-rh.com\/wp-content\/uploads\/2023\/11\/fos2-768x134.jpg 768w, https:\/\/marine-rh.com\/wp-content\/uploads\/2023\/11\/fos2-1536x268.jpg 1536w, https:\/\/marine-rh.com\/wp-content\/uploads\/2023\/11\/fos2-2048x357.jpg 2048w, https:\/\/marine-rh.com\/wp-content\/uploads\/2023\/11\/fos2-2000x349.jpg 2000w\" sizes=\"auto, (max-width: 1024px) 100vw, 1024px\" \/><\/figure>\n\n\n\n<figure class=\"wp-block-image size-large\"><img loading=\"lazy\" decoding=\"async\" width=\"1024\" height=\"243\" data-id=\"31\" src=\"http:\/\/marine-rh.com\/wp-content\/uploads\/2023\/11\/la_rochelle-1024x243.jpg\" alt=\"\" class=\"wp-image-31\" srcset=\"https:\/\/marine-rh.com\/wp-content\/uploads\/2023\/11\/la_rochelle-1024x243.jpg 1024w, https:\/\/marine-rh.com\/wp-content\/uploads\/2023\/11\/la_rochelle-300x71.jpg 300w, https:\/\/marine-rh.com\/wp-content\/uploads\/2023\/11\/la_rochelle-768x182.jpg 768w, https:\/\/marine-rh.com\/wp-content\/uploads\/2023\/11\/la_rochelle-1536x364.jpg 1536w, https:\/\/marine-rh.com\/wp-content\/uploads\/2023\/11\/la_rochelle-2048x485.jpg 2048w, https:\/\/marine-rh.com\/wp-content\/uploads\/2023\/11\/la_rochelle-2000x474.jpg 2000w\" sizes=\"auto, (max-width: 1024px) 100vw, 1024px\" \/><\/figure>\n\n\n\n<figure class=\"wp-block-image size-large\"><img loading=\"lazy\" decoding=\"async\" width=\"1024\" height=\"252\" data-id=\"29\" src=\"https:\/\/marine-rh.com\/wp-content\/uploads\/2023\/11\/IMG_8322_queen_victoria3-1024x252.jpg\" alt=\"\" class=\"wp-image-29\" srcset=\"https:\/\/marine-rh.com\/wp-content\/uploads\/2023\/11\/IMG_8322_queen_victoria3-1024x252.jpg 1024w, https:\/\/marine-rh.com\/wp-content\/uploads\/2023\/11\/IMG_8322_queen_victoria3-300x74.jpg 300w, https:\/\/marine-rh.com\/wp-content\/uploads\/2023\/11\/IMG_8322_queen_victoria3-768x189.jpg 768w, https:\/\/marine-rh.com\/wp-content\/uploads\/2023\/11\/IMG_8322_queen_victoria3-1536x379.jpg 1536w, https:\/\/marine-rh.com\/wp-content\/uploads\/2023\/11\/IMG_8322_queen_victoria3-2048x505.jpg 2048w, https:\/\/marine-rh.com\/wp-content\/uploads\/2023\/11\/IMG_8322_queen_victoria3-2000x493.jpg 2000w\" sizes=\"auto, (max-width: 1024px) 100vw, 1024px\" \/><\/figure>\n<\/figure>\n<\/div><\/div>\n\n\n\n<div class=\"wp-block-cover is-light has-parallax is-repeated has-custom-content-position is-position-top-center is-position-center-center\"><div class=\"wp-block-cover__image-background wp-image-49 has-parallax is-repeated\" style=\"background-position:71% 67%;background-image:url(http:\/\/marine-rh.com\/wp-content\/uploads\/2023\/11\/P1070001.jpg)\"><\/div><span aria-hidden=\"true\" class=\"wp-block-cover__background has-white-background-color has-background-dim-40 has-background-dim\"><\/span><div class=\"wp-block-cover__inner-container is-layout-flow wp-block-cover-is-layout-flow\">\n<p class=\"has-text-align-center has-text-color has-huge-font-size\" style=\"color:#fffffa;line-height:1.1\"><strong>Chaque entreprise a <\/strong><\/p>\n\n\n\n<p class=\"has-text-align-center has-white-color has-text-color has-huge-font-size\" style=\"line-height:1.1\"><strong>des besoins sp\u00e9cifiques<\/strong><\/p>\n\n\n\n<p class=\"has-text-align-center has-white-color has-text-color has-link-color has-medium-font-size wp-elements-72011c3af0ecad961d74400bce2257d7\">J&rsquo;adapte mes services<\/p>\n\n\n\n<p class=\"has-text-align-center has-white-color has-text-color has-link-color has-medium-font-size wp-elements-93fe4cd28210dfc906c76b20ce3c3ef6\">selon les caract\u00e9ristiques <\/p>\n\n\n\n<p class=\"has-text-align-center has-white-color has-text-color has-link-color has-medium-font-size wp-elements-4ded6b88f64adf2410b36ec4a7121ad4\">et les exigences uniques de nos clients<\/p>\n\n\n\n<div class=\"wp-block-buttons is-horizontal is-content-justification-center is-layout-flex wp-container-core-buttons-is-layout-499968f5 wp-block-buttons-is-layout-flex\">\n<div class=\"wp-block-button has-custom-width wp-block-button__width-25 is-style-outline is-style-outline--4\"><a class=\"wp-block-button__link has-small-font-size has-custom-font-size wp-element-button\" href=\"https:\/\/marine-rh.com\/index.php\/contact\/\" target=\"_blank\" rel=\"noreferrer noopener\">me contacter<\/a><\/div>\n<\/div>\n<\/div><\/div>\n","protected":false},"excerpt":{"rendered":"<p>Des services sp\u00e9cialis\u00e9s aux entreprises du secteur maritime, aux armateurs, aux compagnies de navigation, aux ports et aux chantiers navals. Olivier BANON Officier 1\u00e8re Classe de l&rsquo;Ecole Nationale Sup\u00e9rieure Maritime (ENSM), j&rsquo;ai navigu\u00e9 sur toutes les mers du monde, de la pose de c\u00e2bles en Oc\u00e9anie au Commandement d&rsquo;un navire de travail en passant par &hellip; <\/p>\n<p class=\"link-more\"><a href=\"https:\/\/marine-rh.com\/\" class=\"more-link\">Lire la suite de<span class=\"screen-reader-text\">\u00ab\u00a0Cabinet de conseil d\u00e9di\u00e9 au droit du travail et audit maritime\u00a0\u00bb<\/span><\/a><\/p>\n","protected":false},"author":1,"featured_media":16,"parent":0,"menu_order":0,"comment_status":"closed","ping_status":"closed","template":"","meta":{"footnotes":""},"class_list":["post-17","page","type-page","status-publish","has-post-thumbnail","hentry"],"_links":{"self":[{"href":"https:\/\/marine-rh.com\/index.php\/wp-json\/wp\/v2\/pages\/17","targetHints":{"allow":["GET"]}}],"collection":[{"href":"https:\/\/marine-rh.com\/index.php\/wp-json\/wp\/v2\/pages"}],"about":[{"href":"https:\/\/marine-rh.com\/index.php\/wp-json\/wp\/v2\/types\/page"}],"author":[{"embeddable":true,"href":"https:\/\/marine-rh.com\/index.php\/wp-json\/wp\/v2\/users\/1"}],"replies":[{"embeddable":true,"href":"https:\/\/marine-rh.com\/index.php\/wp-json\/wp\/v2\/comments?post=17"}],"version-history":[{"count":38,"href":"https:\/\/marine-rh.com\/index.php\/wp-json\/wp\/v2\/pages\/17\/revisions"}],"predecessor-version":[{"id":134,"href":"https:\/\/marine-rh.com\/index.php\/wp-json\/wp\/v2\/pages\/17\/revisions\/134"}],"wp:featuredmedia":[{"embeddable":true,"href":"https:\/\/marine-rh.com\/index.php\/wp-json\/wp\/v2\/media\/16"}],"wp:attachment":[{"href":"https:\/\/marine-rh.com\/index.php\/wp-json\/wp\/v2\/media?parent=17"}],"curies":[{"name":"wp","href":"https:\/\/api.w.org\/{rel}","templated":true}]}}